{"id":302,"date":"2023-07-19T01:23:32","date_gmt":"2023-07-19T01:23:32","guid":{"rendered":"https:\/\/vip-advisorsllc.com\/?page_id=302"},"modified":"2023-07-25T02:35:10","modified_gmt":"2023-07-25T02:35:10","slug":"mexico-5","status":"publish","type":"page","link":"https:\/\/vip-advisorsllc.com\/index.php\/mexico-5\/","title":{"rendered":"Mexico 5"},"content":{"rendered":"<p>[et_pb_section fb_built=&#8221;1&#8243; _builder_version=&#8221;4.21.0&#8243; _module_preset=&#8221;default&#8221; background_image=&#8221;http:\/\/vip-advisorsllc.com\/wp-content\/uploads\/2023\/07\/PORTADA-CONTACTO-scaled.jpg&#8221; custom_padding=&#8221;||331px|||&#8221; global_module=&#8221;189&#8243; saved_tabs=&#8221;all&#8221; global_colors_info=&#8221;{}&#8221;][\/et_pb_section][et_pb_section fb_built=&#8221;1&#8243; fullwidth=&#8221;on&#8221; _builder_version=&#8221;4.21.0&#8243; _module_preset=&#8221;default&#8221; background_color=&#8221;#707171&#8243; global_colors_info=&#8221;{}&#8221;][et_pb_fullwidth_menu fullwidth_menu=&#8221;off&#8221; _builder_version=&#8221;4.21.0&#8243; _module_preset=&#8221;default&#8221; menu_font=&#8221;|600|||||||&#8221; menu_text_color=&#8221;#FFFFFF&#8221; background_color=&#8221;#707171&#8243; text_orientation=&#8221;right&#8221; global_colors_info=&#8221;{}&#8221;][\/et_pb_fullwidth_menu][\/et_pb_section][et_pb_section fb_built=&#8221;1&#8243; _builder_version=&#8221;4.21.0&#8243; _module_preset=&#8221;default&#8221; background_image=&#8221;http:\/\/vip-advisorsllc.com\/wp-content\/uploads\/2023\/07\/FONDO-ABOUT-US.jpg&#8221; saved_tabs=&#8221;all&#8221; global_colors_info=&#8221;{}&#8221;][et_pb_row column_structure=&#8221;2_5,3_5&#8243; _builder_version=&#8221;4.21.0&#8243; _module_preset=&#8221;default&#8221; global_colors_info=&#8221;{}&#8221;][et_pb_column type=&#8221;2_5&#8243; _builder_version=&#8221;4.21.0&#8243; _module_preset=&#8221;default&#8221; global_colors_info=&#8221;{}&#8221;][et_pb_text _builder_version=&#8221;4.21.0&#8243; _module_preset=&#8221;default&#8221; header_2_font=&#8221;|700|||||||&#8221; header_2_text_align=&#8221;center&#8221; header_2_text_color=&#8221;#FFFFFF&#8221; background_color=&#8221;#707171&#8243; global_colors_info=&#8221;{}&#8221;]<\/p>\n<h2><span style=\"color: #ffffff;\"><\/span><\/h2>\n<h2><span style=\"color: #ffffff;\">M\u00c9XICO<\/span><\/h2>\n<p>[\/et_pb_text][et_pb_text _builder_version=&#8221;4.21.0&#8243; _module_preset=&#8221;default&#8221; background_color=&#8221;#FFFFFF&#8221; custom_padding=&#8221;9px||9px|11px||&#8221; global_colors_info=&#8221;{}&#8221;]<\/p>\n<p>$6.995.000 USD<\/p>\n<p>Carretera Todo Santos Km 120 1, Brisas Del Pac\u00edfico<\/p>\n<p>Los Cabos, Baja California Sur 23473 M\u00e9xico<\/p>\n<p>[\/et_pb_text][et_pb_text _builder_version=&#8221;4.21.0&#8243; _module_preset=&#8221;default&#8221; background_color=&#8221;#FFFFFF&#8221; width=&#8221;95.7%&#8221; custom_padding=&#8221;8px||8px|9px||&#8221; global_colors_info=&#8221;{}&#8221;]<\/p>\n<p>622,058 m2 \/ 6,696 ft2<\/p>\n<p>3 bedrooms<\/p>\n<p>5 complete bathrooms, 1 toilet<\/p>\n<p>Residential For Sale, Single Family Home<\/p>\n<p>Field area:622 m2 \/ 6,696 ft2<\/p>\n<p>Sale price for one square meter: 11,244.56<\/p>\n<p>[\/et_pb_text][\/et_pb_column][et_pb_column type=&#8221;3_5&#8243; _builder_version=&#8221;4.21.0&#8243; _module_preset=&#8221;default&#8221; global_colors_info=&#8221;{}&#8221;][et_pb_slider _builder_version=&#8221;4.21.0&#8243; _module_preset=&#8221;default&#8221; custom_padding=&#8221;||303px|||&#8221; global_colors_info=&#8221;{}&#8221;][et_pb_slide _builder_version=&#8221;4.21.0&#8243; _module_preset=&#8221;default&#8221; background_enable_color=&#8221;off&#8221; background_image=&#8221;http:\/\/vip-advisorsllc.com\/wp-content\/uploads\/2023\/07\/MEX-5a.jpeg&#8221; background_enable_image=&#8221;on&#8221; global_colors_info=&#8221;{}&#8221; sticky_transition=&#8221;on&#8221;][\/et_pb_slide][et_pb_slide _builder_version=&#8221;4.21.0&#8243; _module_preset=&#8221;default&#8221; background_enable_color=&#8221;off&#8221; background_image=&#8221;http:\/\/vip-advisorsllc.com\/wp-content\/uploads\/2023\/07\/MEX-5b.jpeg&#8221; background_enable_image=&#8221;on&#8221; global_colors_info=&#8221;{}&#8221; sticky_transition=&#8221;on&#8221;][\/et_pb_slide][et_pb_slide _builder_version=&#8221;4.21.0&#8243; _module_preset=&#8221;default&#8221; background_enable_color=&#8221;off&#8221; background_image=&#8221;http:\/\/vip-advisorsllc.com\/wp-content\/uploads\/2023\/07\/MEX-5c.jpeg&#8221; background_enable_image=&#8221;on&#8221; global_colors_info=&#8221;{}&#8221; sticky_transition=&#8221;on&#8221;][\/et_pb_slide][et_pb_slide _builder_version=&#8221;4.21.0&#8243; _module_preset=&#8221;default&#8221; background_enable_color=&#8221;off&#8221; background_image=&#8221;http:\/\/vip-advisorsllc.com\/wp-content\/uploads\/2023\/07\/MEX-5d.jpeg&#8221; background_enable_image=&#8221;on&#8221; global_colors_info=&#8221;{}&#8221; sticky_transition=&#8221;on&#8221;][\/et_pb_slide][\/et_pb_slider][\/et_pb_column][\/et_pb_row][et_pb_row _builder_version=&#8221;4.21.0&#8243; _module_preset=&#8221;default&#8221; background_color=&#8221;#707171&#8243; global_colors_info=&#8221;{}&#8221;][et_pb_column type=&#8221;4_4&#8243; _builder_version=&#8221;4.21.0&#8243; _module_preset=&#8221;default&#8221; global_colors_info=&#8221;{}&#8221;][et_pb_text _builder_version=&#8221;4.21.0&#8243; _module_preset=&#8221;default&#8221; text_text_color=&#8221;#FFFFFF&#8221; header_3_font=&#8221;|700|||||||&#8221; header_3_text_align=&#8221;center&#8221; header_3_text_color=&#8221;#FFFFFF&#8221; border_width_all=&#8221;17px&#8221; border_color_all=&#8221;#707171&#8243; global_colors_info=&#8221;{}&#8221;]<\/p>\n<h3><strong>Detailed description<\/strong><\/h3>\n<p>Rancho San Lucas is an exclusive, 834-acre resort community located just 30 minutes from the Los Cabos International Airport. Enjoying sweeping vistas of the Pacific Ocean and Baja\u2019s stunning desert landscape, this landmark community offers visitors and owners a private respite that melds two luxury resorts \u2013 Grand Solmar at Rancho San Lucas Resort Golf &amp; Spa and Grand Solmar The Residences at Rancho San Lucas, an unparalleled collection of residential options including The Villas at Rancho San Lucas with Santa Barbara-style single-family homes and Norman Estates at Rancho San Lucas, with luxurious oceanfront estate homes and residences. It is also home to the Rancho San Lucas Golf Club featuring an 18-hole championship golf course designed by golf legend Greg Norman. Rancho San Lucas will also have a Mexican Village offering shopping and entertainment, a variety of world-class dining venues, and much more. This luxury community enjoys 1.2 miles of virgin beachfront on the Pacific Ocean and is centered around the Greg Norman golf course, with seven ocean holes and are sure to impress the golf aficionado. The architectural concept for the residences and hotel at The Ranch is a traditional Santa Barbara Hacienda style, giving the entire development a lovely Montecito look, classic and complementary to the terrain. Rancho Real Estate offers a variety of floor plans, attracting a diverse demographic that values an exclusive, interactive lifestyle. All homes enjoy stunning standard finishes, regardless of the price point, and include a pool, two car garage and access to the numerous resort amenities. Our collection of estate homes is the very pinnacle of luxury. Each sit atop a sloping hill, for an uninterrupted panorama of the Pacific coastline. Amenities delight. Private courtyards, a covered terrace, opulent guest suites, whether you seek to entertain or escape you have space for it all. Take your morning coffee at sunrise or unwind with a cocktail at night, moving effortlessly through the ease of indoor, outdoor living. The Norman Estates Perfectly situated in a prime beachfront setting, Norman Estates at Rancho San Lucas is a private, gated enclave that only a select few will call home. The sloping terrain, together with the single- story home designs, ensures that every Norman Estates residence enjoys panoramic views of the Pacific and the world-famous Cabo sunsets.<\/p>\n<p>[\/et_pb_text][\/et_pb_column][\/et_pb_row][et_pb_row _builder_version=&#8221;4.21.0&#8243; _module_preset=&#8221;default&#8221; global_colors_info=&#8221;{}&#8221;][et_pb_column type=&#8221;4_4&#8243; _builder_version=&#8221;4.21.0&#8243; _module_preset=&#8221;default&#8221; global_colors_info=&#8221;{}&#8221;][et_pb_text content_tablet=&#8221;&#8221; content_phone=&#8221;<\/p>\n<h4 style=%22text-align: center;%22><strong>PAGE\u00a0 <a href=%22https:\/\/vip-advisorsllc.com\/index.php\/mexico-4\/%22><span style=%22color: #000000;%22>11<\/span><\/a>\u00a0 <a href=%22https:\/\/vip-advisorsllc.com\/index.php\/mexico-5\/%22>\u00a0<span style=%22text-decoration: underline;%22><span style=%22color: #ffffff; text-decoration: underline;%22>12<\/span><\/span><\/a>\u00a0 \u00a0<a href=%22https:\/\/vip-advisorsllc.com\/index.php\/mexico-6\/%22>13\u00a0<\/a> \u00a0<a href=%22https:\/\/vip-advisorsllc.com\/index.php\/mexico-7\/%22>14<\/a>\u00a0 &#8230; <a href=%22https:\/\/login.vip-advisorsllc.com\/login.html%22>All PROPERTIES<\/a><\/strong><\/h4>\n<p>&#8221; content_last_edited=&#8221;on|phone&#8221; _builder_version=&#8221;4.21.0&#8243; _module_preset=&#8221;default&#8221; text_font=&#8221;|||on|||||&#8221; hover_enabled=&#8221;0&#8243; global_colors_info=&#8221;{}&#8221; sticky_enabled=&#8221;0&#8243;]<\/p>\n<h2 style=\"text-align: center;\"><strong>PAGE\u00a0 <a href=\"https:\/\/vip-advisorsllc.com\/index.php\/mexico-4\/\"><span style=\"color: #000000;\">11<\/span><\/a>\u00a0 <a href=\"https:\/\/vip-advisorsllc.com\/index.php\/mexico-5\/\">\u00a0<span style=\"text-decoration: underline;\"><span style=\"color: #ffffff; text-decoration: underline;\">12<\/span><\/span><\/a>\u00a0 \u00a0<a href=\"https:\/\/vip-advisorsllc.com\/index.php\/mexico-6\/\">13\u00a0<\/a> \u00a0<a href=\"https:\/\/vip-advisorsllc.com\/index.php\/mexico-7\/\">14<\/a>\u00a0 &#8230; <a href=\"https:\/\/login.vip-advisorsllc.com\/login.html\">All PROPERTIES<\/a><\/strong><\/h2>\n<p>[\/et_pb_text][et_pb_button button_url=&#8221;@ET-DC@eyJkeW5hbWljIjp0cnVlLCJjb250ZW50IjoicG9zdF9saW5rX3VybF9wYWdlIiwic2V0dGluZ3MiOnsicG9zdF9pZCI6IjMwOSJ9fQ==@&#8221; button_text=&#8221;NEXT&#8221; button_alignment=&#8221;center&#8221; _builder_version=&#8221;4.21.0&#8243; _dynamic_attributes=&#8221;button_url&#8221; _module_preset=&#8221;default&#8221; custom_button=&#8221;on&#8221; button_text_size=&#8221;18px&#8221; button_text_color=&#8221;#FFFFFF&#8221; button_bg_color=&#8221;#707171&#8243; button_border_width=&#8221;0px&#8221; button_border_radius=&#8221;19px&#8221; button_letter_spacing=&#8221;1px&#8221; button_font=&#8221;|700|||||||&#8221; global_colors_info=&#8221;{}&#8221;][\/et_pb_button][\/et_pb_column][\/et_pb_row][\/et_pb_section][et_pb_section fb_built=&#8221;1&#8243; _builder_version=&#8221;4.21.0&#8243; _module_preset=&#8221;default&#8221; background_enable_color=&#8221;off&#8221; use_background_color_gradient=&#8221;on&#8221; background_color_gradient_stops=&#8221;#ffffff 80%|rgba(0,0,0,0.23) 100%&#8221; global_colors_info=&#8221;{}&#8221; global_module=&#8221;573&#8243; theme_builder_area=&#8221;post_content&#8221;][et_pb_row _builder_version=&#8221;4.21.0&#8243; _module_preset=&#8221;default&#8221; global_colors_info=&#8221;{}&#8221; theme_builder_area=&#8221;post_content&#8221;][et_pb_column type=&#8221;4_4&#8243; _builder_version=&#8221;4.21.0&#8243; _module_preset=&#8221;default&#8221; global_colors_info=&#8221;{}&#8221; theme_builder_area=&#8221;post_content&#8221;][et_pb_text _builder_version=&#8221;4.21.0&#8243; _module_preset=&#8221;default&#8221; header_2_font=&#8221;|800|||||||&#8221; header_2_text_align=&#8221;center&#8221; global_colors_info=&#8221;{}&#8221; theme_builder_area=&#8221;post_content&#8221;]<\/p>\n<h2>SEARCH PROPERTIES<\/h2>\n<p>[\/et_pb_text][et_pb_contact_form email=&#8221;intenational.sales@Vip-advisorsllc.com &#8221; custom_message=&#8221;ASUNTO: LISTADO DE PROPIEDADES ||et_pb_line_break_holder||||et_pb_line_break_holder||Su nombre es: %%Name%%||et_pb_line_break_holder||Ciudad seleccionada: %%Country%%||et_pb_line_break_holder||Telefono: %%Phone%%||et_pb_line_break_holder||Correo: %%email%%&#8221; success_message=&#8221;In a moment we will provide you with the details via e-mail or by phone. Stay tuned for our contact!. To avoid the wait and have full access SIGN UP \/ LOGIN&#8221; submit_button_text=&#8221;RESULT OF PROPERTIES&#8221; _builder_version=&#8221;4.21.0&#8243; _module_preset=&#8221;default&#8221; _unique_id=&#8221;807bc71a-1611-463d-b343-3bc985505079&#8243; custom_button=&#8221;on&#8221; button_text_size=&#8221;18px&#8221; button_text_color=&#8221;#FFFFFF&#8221; button_bg_color=&#8221;#707171&#8243; button_font=&#8221;|800|||||||&#8221; button_text_size_tablet=&#8221;&#8221; button_text_size_phone=&#8221;14px&#8221; button_text_size_last_edited=&#8221;on|phone&#8221; global_colors_info=&#8221;{}&#8221; theme_builder_area=&#8221;post_content&#8221;][et_pb_contact_field field_id=&#8221;Name&#8221; field_title=&#8221;Name&#8221; _builder_version=&#8221;4.16&#8243; global_colors_info=&#8221;{}&#8221; button_text_size__hover_enabled=&#8221;off&#8221; button_one_text_size__hover_enabled=&#8221;off&#8221; button_two_text_size__hover_enabled=&#8221;off&#8221; button_text_color__hover_enabled=&#8221;off&#8221; button_one_text_color__hover_enabled=&#8221;off&#8221; button_two_text_color__hover_enabled=&#8221;off&#8221; button_border_width__hover_enabled=&#8221;off&#8221; button_one_border_width__hover_enabled=&#8221;off&#8221; button_two_border_width__hover_enabled=&#8221;off&#8221; button_border_color__hover_enabled=&#8221;off&#8221; button_one_border_color__hover_enabled=&#8221;off&#8221; button_two_border_color__hover_enabled=&#8221;off&#8221; button_border_radius__hover_enabled=&#8221;off&#8221; button_one_border_radius__hover_enabled=&#8221;off&#8221; button_two_border_radius__hover_enabled=&#8221;off&#8221; button_letter_spacing__hover_enabled=&#8221;off&#8221; button_one_letter_spacing__hover_enabled=&#8221;off&#8221; button_two_letter_spacing__hover_enabled=&#8221;off&#8221; button_bg_color__hover_enabled=&#8221;off&#8221; button_one_bg_color__hover_enabled=&#8221;off&#8221; button_two_bg_color__hover_enabled=&#8221;off&#8221; theme_builder_area=&#8221;post_content&#8221;][\/et_pb_contact_field][et_pb_contact_field field_id=&#8221;Country&#8221; field_title=&#8221;Country&#8221; field_type=&#8221;select&#8221; select_options=&#8221;%91{%22value%22:%22Canada%22,%22checked%22:0,%22dragID%22:-1},{%22value%22:%22USA%22,%22checked%22:0,%22dragID%22:0},{%22value%22:%22M\u00e9xico%22,%22checked%22:0,%22dragID%22:1}%93&#8243; _builder_version=&#8221;4.21.0&#8243; _module_preset=&#8221;default&#8221; global_colors_info=&#8221;{}&#8221; theme_builder_area=&#8221;post_content&#8221;][\/et_pb_contact_field][et_pb_contact_field field_id=&#8221;Phone&#8221; field_title=&#8221;Phone&#8221; min_length=&#8221;8&#8243; max_length=&#8221;15&#8243; allowed_symbols=&#8221;numbers&#8221; _builder_version=&#8221;4.21.0&#8243; global_colors_info=&#8221;{}&#8221; button_text_size__hover_enabled=&#8221;off&#8221; button_one_text_size__hover_enabled=&#8221;off&#8221; button_two_text_size__hover_enabled=&#8221;off&#8221; button_text_color__hover_enabled=&#8221;off&#8221; button_one_text_color__hover_enabled=&#8221;off&#8221; button_two_text_color__hover_enabled=&#8221;off&#8221; button_border_width__hover_enabled=&#8221;off&#8221; button_one_border_width__hover_enabled=&#8221;off&#8221; button_two_border_width__hover_enabled=&#8221;off&#8221; button_border_color__hover_enabled=&#8221;off&#8221; button_one_border_color__hover_enabled=&#8221;off&#8221; button_two_border_color__hover_enabled=&#8221;off&#8221; button_border_radius__hover_enabled=&#8221;off&#8221; button_one_border_radius__hover_enabled=&#8221;off&#8221; button_two_border_radius__hover_enabled=&#8221;off&#8221; button_letter_spacing__hover_enabled=&#8221;off&#8221; button_one_letter_spacing__hover_enabled=&#8221;off&#8221; button_two_letter_spacing__hover_enabled=&#8221;off&#8221; button_bg_color__hover_enabled=&#8221;off&#8221; button_one_bg_color__hover_enabled=&#8221;off&#8221; button_two_bg_color__hover_enabled=&#8221;off&#8221; theme_builder_area=&#8221;post_content&#8221;][\/et_pb_contact_field][et_pb_contact_field field_id=&#8221;Email&#8221; field_title=&#8221;Email Address&#8221; field_type=&#8221;email&#8221; _builder_version=&#8221;4.16&#8243; global_colors_info=&#8221;{}&#8221; button_text_size__hover_enabled=&#8221;off&#8221; button_one_text_size__hover_enabled=&#8221;off&#8221; button_two_text_size__hover_enabled=&#8221;off&#8221; button_text_color__hover_enabled=&#8221;off&#8221; button_one_text_color__hover_enabled=&#8221;off&#8221; button_two_text_color__hover_enabled=&#8221;off&#8221; button_border_width__hover_enabled=&#8221;off&#8221; button_one_border_width__hover_enabled=&#8221;off&#8221; button_two_border_width__hover_enabled=&#8221;off&#8221; button_border_color__hover_enabled=&#8221;off&#8221; button_one_border_color__hover_enabled=&#8221;off&#8221; button_two_border_color__hover_enabled=&#8221;off&#8221; button_border_radius__hover_enabled=&#8221;off&#8221; button_one_border_radius__hover_enabled=&#8221;off&#8221; button_two_border_radius__hover_enabled=&#8221;off&#8221; button_letter_spacing__hover_enabled=&#8221;off&#8221; button_one_letter_spacing__hover_enabled=&#8221;off&#8221; button_two_letter_spacing__hover_enabled=&#8221;off&#8221; button_bg_color__hover_enabled=&#8221;off&#8221; button_one_bg_color__hover_enabled=&#8221;off&#8221; button_two_bg_color__hover_enabled=&#8221;off&#8221; theme_builder_area=&#8221;post_content&#8221;][\/et_pb_contact_field][\/et_pb_contact_form][\/et_pb_column][\/et_pb_row][\/et_pb_section]<\/p>\n","protected":false},"excerpt":{"rendered":"<p>M\u00c9XICO$6.995.000 USD Carretera Todo Santos Km 120 1, Brisas Del Pac\u00edfico Los Cabos, Baja California Sur 23473 M\u00e9xico622,058 m2 \/ 6,696 ft2 3 bedrooms 5 complete bathrooms, 1 toilet Residential For Sale, Single Family Home Field area:622 m2 \/ 6,696 ft2 Sale price for one square meter: 11,244.56Detailed description Rancho San Lucas is an exclusive, [&hellip;]<\/p>\n","protected":false},"author":1,"featured_media":0,"parent":0,"menu_order":0,"comment_status":"closed","ping_status":"closed","template":"","meta":{"_et_pb_use_builder":"on","_et_pb_old_content":"","_et_gb_content_width":"","footnotes":""},"class_list":["post-302","page","type-page","status-publish","hentry"],"_links":{"self":[{"href":"https:\/\/vip-advisorsllc.com\/index.php\/wp-json\/wp\/v2\/pages\/302","targetHints":{"allow":["GET"]}}],"collection":[{"href":"https:\/\/vip-advisorsllc.com\/index.php\/wp-json\/wp\/v2\/pages"}],"about":[{"href":"https:\/\/vip-advisorsllc.com\/index.php\/wp-json\/wp\/v2\/types\/page"}],"author":[{"embeddable":true,"href":"https:\/\/vip-advisorsllc.com\/index.php\/wp-json\/wp\/v2\/users\/1"}],"replies":[{"embeddable":true,"href":"https:\/\/vip-advisorsllc.com\/index.php\/wp-json\/wp\/v2\/comments?post=302"}],"version-history":[{"count":4,"href":"https:\/\/vip-advisorsllc.com\/index.php\/wp-json\/wp\/v2\/pages\/302\/revisions"}],"predecessor-version":[{"id":589,"href":"https:\/\/vip-advisorsllc.com\/index.php\/wp-json\/wp\/v2\/pages\/302\/revisions\/589"}],"wp:attachment":[{"href":"https:\/\/vip-advisorsllc.com\/index.php\/wp-json\/wp\/v2\/media?parent=302"}],"curies":[{"name":"wp","href":"https:\/\/api.w.org\/{rel}","templated":true}]}}